{"id":489,"date":"2026-04-09T11:00:38","date_gmt":"2026-04-09T09:00:38","guid":{"rendered":"https:\/\/www.sportbezgranic.pl\/?page_id=489"},"modified":"2026-04-09T11:00:38","modified_gmt":"2026-04-09T09:00:38","slug":"sport-bez-hranic-jedenacta-etapa","status":"publish","type":"page","link":"https:\/\/www.sportbezgranic.pl\/?page_id=489&lang=cs","title":{"rendered":"Sport bez Hranic &#8211; jeden\u00e1ct\u00e1 etapa"},"content":{"rendered":"<p><span class=\"HwtZe\" lang=\"cs\"><span class=\"jCAhz ChMk0b\"><span class=\"ryNqvb\">Jeden\u00e1ct\u00e1 etapa za\u010d\u00edn\u00e1 v kempu Sto\u0142owog\u00f3rski \u010d. 26 v Radkow\u011b.<\/span><\/span> <span class=\"jCAhz ChMk0b\"><span class=\"ryNqvb\">Trasu dlouhou p\u0159ibli\u017en\u011b 5 km lze absolvovat p\u011b\u0161ky (b\u011bh, ch\u016fze, proch\u00e1zka nebo nordic walking).<\/span><\/span><\/span><\/p>\n<p>Toto v\u00fdchoz\u00ed m\u00edsto v\u0161ak nen\u00ed povinn\u00e9. Jedn\u00e1 se o okru\u017en\u00ed trasu, na kterou m\u016f\u017eete nastoupit v jej\u00edm libovoln\u00e9m m\u00edst\u011b. Mus\u00edte v\u0161ak dodr\u017eet sm\u011br ur\u010den\u00fd na map\u011b zelen\u00fdmi \u010dtvere\u010dky, absolvovat v\u0161echny m\u011b\u0159en\u00e9 \u00faseky (mezi zelen\u00fdmi a \u010derven\u00fdmi \u010dtvere\u010dky) a skon\u010dit na stejn\u00e9m m\u00edst\u011b, kde jste za\u010dali. Je jen na v\u00e1s, kdy se do na\u0161\u00ed v\u00fdzvy zapoj\u00edte.<\/p>\n<p>B\u011bhem absolvov\u00e1n\u00ed jednotliv\u00fdch etap nezapome\u0148te po\u0159\u00eddit zaj\u00edmav\u00e9 fotografie a poslat n\u00e1m je e-mailem na adresu <strong>sportbezgranic@gorystolowe.info<\/strong>.<\/p>\n<p>Pokud \u010dtete tyto informace a nev\u00edte, jak se do na\u0161\u00ed v\u00fdzvy zapojit, nezapome\u0148te si p\u0159e\u010d\u00edst n\u00e1vod <a href=\"https:\/\/www.sportbezgranic.pl\/?page_id=198&amp;lang=cs\" target=\"_blank\" rel=\"noopener\"><strong>JAK SE Z\u00da\u010cASTNIT<\/strong><\/a>.<\/p>\n<p>&nbsp;<iframe style=\"width: 1px; min-width: 100%; height: 700px; border: none;\" src=\"https:\/\/ridewithgps.com\/embeds?type=route&amp;id=54559782&amp;sampleGraph=true\" scrolling=\"no\"><\/iframe><\/p>\n","protected":false},"excerpt":{"rendered":"<p>Jeden\u00e1ct\u00e1 etapa za\u010d\u00edn\u00e1 v kempu Sto\u0142owog\u00f3rski \u010d. 26 v Radkow\u011b. Trasu dlouhou p\u0159ibli\u017en\u011b 5 km lze absolvovat p\u011b\u0161ky (b\u011bh, ch\u016fze, proch\u00e1zka nebo nordic walking). Toto v\u00fdchoz\u00ed m\u00edsto v\u0161ak nen\u00ed povinn\u00e9. Jedn\u00e1 se o okru\u017en\u00ed trasu, na kterou m\u016f\u017eete nastoupit v jej\u00edm libovoln\u00e9m m\u00edst\u011b. Mus\u00edte v\u0161ak dodr\u017eet sm\u011br ur\u010den\u00fd na map\u011b zelen\u00fdmi \u010dtvere\u010dky, absolvovat v\u0161echny m\u011b\u0159en\u00e9 [&hellip;]<\/p>\n","protected":false},"author":1,"featured_media":0,"parent":0,"menu_order":0,"comment_status":"closed","ping_status":"closed","template":"","meta":{"ngg_post_thumbnail":0,"footnotes":""},"class_list":["post-489","page","type-page","status-publish","hentry"],"_links":{"self":[{"href":"https:\/\/www.sportbezgranic.pl\/index.php?rest_route=\/wp\/v2\/pages\/489","targetHints":{"allow":["GET"]}}],"collection":[{"href":"https:\/\/www.sportbezgranic.pl\/index.php?rest_route=\/wp\/v2\/pages"}],"about":[{"href":"https:\/\/www.sportbezgranic.pl\/index.php?rest_route=\/wp\/v2\/types\/page"}],"author":[{"embeddable":true,"href":"https:\/\/www.sportbezgranic.pl\/index.php?rest_route=\/wp\/v2\/users\/1"}],"replies":[{"embeddable":true,"href":"https:\/\/www.sportbezgranic.pl\/index.php?rest_route=%2Fwp%2Fv2%2Fcomments&post=489"}],"version-history":[{"count":1,"href":"https:\/\/www.sportbezgranic.pl\/index.php?rest_route=\/wp\/v2\/pages\/489\/revisions"}],"predecessor-version":[{"id":490,"href":"https:\/\/www.sportbezgranic.pl\/index.php?rest_route=\/wp\/v2\/pages\/489\/revisions\/490"}],"wp:attachment":[{"href":"https:\/\/www.sportbezgranic.pl\/index.php?rest_route=%2Fwp%2Fv2%2Fmedia&parent=489"}],"curies":[{"name":"wp","href":"https:\/\/api.w.org\/{rel}","templated":true}]}}