{"id":486,"date":"2026-04-09T09:11:50","date_gmt":"2026-04-09T07:11:50","guid":{"rendered":"https:\/\/www.sportbezgranic.pl\/?page_id=486"},"modified":"2026-04-09T09:11:50","modified_gmt":"2026-04-09T07:11:50","slug":"sport-bez-granic-etap-11","status":"publish","type":"page","link":"https:\/\/www.sportbezgranic.pl\/?page_id=486","title":{"rendered":"Sport bez granic &#8211; etap 11"},"content":{"rendered":"<p>Jedenasty etap rozpoczynamy przy Campingu Sto\u0142owog\u00f3rskim nr 26 w Radkowie. Tras\u0119 o d\u0142ugo\u015bci ok. 5km mo\u017cecie pokona\u0107 pieszo (bieg, marsz, spacer, nordic walking).&nbsp;<\/p>\n<p>Pocz\u0105tek etapu jest umowny, poniewa\u017c mo\u017cecie wej\u015b\u0107 na jego tras\u0119 w dowolnym miejscu. Wa\u017cne jest to, aby przej\u015b\u0107 j\u0105 zgodnie z kierunkiem wskazanym przez zielone kwadraciki na mapie, zaliczaj\u0105c wszystkie odcinki pomiarowe (pomi\u0119dzy zielonym, a czerwonym kwadracikiem) i zako\u0144czy\u0107 jej pokonywanie w miejscu gdzie j\u0105 rozpoczynali\u015bcie.<\/p>\n<p>Tylko od Was zale\u017cy, kiedy przyst\u0105picie do naszej zabawy.<\/p>\n<p>Pami\u0119tajcie, aby w czasie pokonywania trasy ka\u017cdego etapu robi\u0107 ciekawe zdj\u0119cia i przesy\u0142a\u0107 je do nas na adres e-mail: <strong>sportbezgranic@gorystolowe.info<\/strong><\/p>\n<p>Je\u017celi czytasz te informacje, a nie wiesz jak przyst\u0105pi\u0107 do naszej rywalizacji (zabawy), koniecznie zapoznaj si\u0119 z instrukcj\u0105 <a href=\"https:\/\/www.sportbezgranic.pl\/?page_id=36\"><strong>JAK WZI\u0104\u0106 UDZIA\u0141<\/strong><\/a><\/p>\n<p>&nbsp;<iframe style=\"width: 1px; min-width: 100%; height: 700px; border: none;\" src=\"https:\/\/ridewithgps.com\/embeds?type=route&amp;id=54559782&amp;sampleGraph=true\" scrolling=\"no\"><\/iframe><\/p>\n","protected":false},"excerpt":{"rendered":"<p>Jedenasty etap rozpoczynamy przy Campingu Sto\u0142owog\u00f3rskim nr 26 w Radkowie. Tras\u0119 o d\u0142ugo\u015bci ok. 5km mo\u017cecie pokona\u0107 pieszo (bieg, marsz, spacer, nordic walking).&nbsp; Pocz\u0105tek etapu jest umowny, poniewa\u017c mo\u017cecie wej\u015b\u0107 na jego tras\u0119 w dowolnym miejscu. Wa\u017cne jest to, aby przej\u015b\u0107 j\u0105 zgodnie z kierunkiem wskazanym przez zielone kwadraciki na mapie, zaliczaj\u0105c wszystkie odcinki pomiarowe [&hellip;]<\/p>\n","protected":false},"author":1,"featured_media":0,"parent":0,"menu_order":0,"comment_status":"closed","ping_status":"closed","template":"","meta":{"ngg_post_thumbnail":0,"footnotes":""},"class_list":["post-486","page","type-page","status-publish","hentry"],"_links":{"self":[{"href":"https:\/\/www.sportbezgranic.pl\/index.php?rest_route=\/wp\/v2\/pages\/486","targetHints":{"allow":["GET"]}}],"collection":[{"href":"https:\/\/www.sportbezgranic.pl\/index.php?rest_route=\/wp\/v2\/pages"}],"about":[{"href":"https:\/\/www.sportbezgranic.pl\/index.php?rest_route=\/wp\/v2\/types\/page"}],"author":[{"embeddable":true,"href":"https:\/\/www.sportbezgranic.pl\/index.php?rest_route=\/wp\/v2\/users\/1"}],"replies":[{"embeddable":true,"href":"https:\/\/www.sportbezgranic.pl\/index.php?rest_route=%2Fwp%2Fv2%2Fcomments&post=486"}],"version-history":[{"count":1,"href":"https:\/\/www.sportbezgranic.pl\/index.php?rest_route=\/wp\/v2\/pages\/486\/revisions"}],"predecessor-version":[{"id":487,"href":"https:\/\/www.sportbezgranic.pl\/index.php?rest_route=\/wp\/v2\/pages\/486\/revisions\/487"}],"wp:attachment":[{"href":"https:\/\/www.sportbezgranic.pl\/index.php?rest_route=%2Fwp%2Fv2%2Fmedia&parent=486"}],"curies":[{"name":"wp","href":"https:\/\/api.w.org\/{rel}","templated":true}]}}